{"id":7312,"date":"2026-03-12T20:24:16","date_gmt":"2026-03-12T19:24:16","guid":{"rendered":"https:\/\/www.patriciayang.com\/?page_id=7312"},"modified":"2026-03-25T09:27:29","modified_gmt":"2026-03-25T08:27:29","slug":"acupuncture","status":"publish","type":"page","link":"https:\/\/www.patriciayang.com\/es\/acupuncture\/","title":{"rendered":"Acupuntura"},"content":{"rendered":"<figure style=\"height:40vh; margin-bottom:-20px;\" class=\"alignfull wp-block-post-featured-image\"><img loading=\"lazy\" decoding=\"async\" width=\"1916\" height=\"1278\" src=\"https:\/\/www.patriciayang.com\/wp-content\/uploads\/2026\/03\/Acupuncture-Mallorca-Acupuntura-Mallorca.jpg\" class=\"attachment-full size-full wp-post-image\" alt=\"\" style=\"height:40vh;object-fit:cover;\" srcset=\"https:\/\/www.patriciayang.com\/wp-content\/uploads\/2026\/03\/Acupuncture-Mallorca-Acupuntura-Mallorca.jpg 1916w, https:\/\/www.patriciayang.com\/wp-content\/uploads\/2026\/03\/Acupuncture-Mallorca-Acupuntura-Mallorca-300x200.jpg 300w, https:\/\/www.patriciayang.com\/wp-content\/uploads\/2026\/03\/Acupuncture-Mallorca-Acupuntura-Mallorca-1024x683.jpg 1024w, https:\/\/www.patriciayang.com\/wp-content\/uploads\/2026\/03\/Acupuncture-Mallorca-Acupuntura-Mallorca-768x512.jpg 768w, https:\/\/www.patriciayang.com\/wp-content\/uploads\/2026\/03\/Acupuncture-Mallorca-Acupuntura-Mallorca-1536x1025.jpg 1536w, https:\/\/www.patriciayang.com\/wp-content\/uploads\/2026\/03\/Acupuncture-Mallorca-Acupuntura-Mallorca-18x12.jpg 18w\" sizes=\"auto, (max-width: 1916px) 100vw, 1916px\" \/><\/figure>\n\n\n<div class=\"wp-block-group alignfull has-custom-negro-color has-custom-oro-background-color has-text-color has-background has-link-color wp-elements-5429692cb37a951e9ca2114c216d0539 has-global-padding is-layout-constrained wp-container-core-group-is-layout-39412042 wp-block-group-is-layout-constrained\" style=\"padding-top:var(--wp--preset--spacing--40);padding-right:var(--wp--preset--spacing--50);padding-bottom:var(--wp--preset--spacing--40);padding-left:var(--wp--preset--spacing--50)\">\n<h2 class=\"wp-block-heading has-text-align-center is-style-text-display has-custom-blanco-color has-text-color has-link-color wp-elements-d7b85614d1e36f509c37e871417720b9 is-style-text-display--1\" style=\"padding-top:var(--wp--preset--spacing--40);padding-bottom:var(--wp--preset--spacing--40)\">1.<br>Acupuntura<\/h2>\n\n\n\n<p style=\"padding-top:0;padding-right:0;padding-bottom:0;padding-left:0\">Cada d\u00eda, la acupuntura est\u00e1 alcanzando una mayor aceptaci\u00f3n entre las personas de los pa\u00edses occidentales, quienes han encontrado en ella, diferentes formas de abordar la salud con resultados efectivos y r\u00e1pidos.<\/p>\n\n\n\n<p style=\"padding-top:0;padding-right:0;padding-bottom:0;padding-left:0\">Avalado y reconocido por la Organizaci\u00f3n Mundial de la Salud, consiste en la inserci\u00f3n de finas agujas en puntos espec\u00edficos del cuerpo para restablecer el equilibrio, ya sea tonificando, sedando\u2026<\/p>\n\n\n\n<p style=\"padding-top:0;padding-right:0;padding-bottom:0;padding-left:0\"><strong><strong>Tratamiento natural sin efectos secundarios<\/strong><\/strong><\/p>\n\n\n\n<p style=\"padding-top:0;padding-right:0;padding-bottom:0;padding-left:0\">Uno de los principales beneficios de la acupuntura es que carece de efectos secundarios, que son comunes en los medicamentos convencionales. Adem\u00e1s, a diferencia de la medicina occidental, trata al individuo como un todo y no solo enfermedades y dolencias aisladas.<\/p>\n\n\n\n<p style=\"padding-top:0;padding-right:0;padding-bottom:0;padding-left:0\"><strong><strong>Mayor eficiencia con menos agresi\u00f3n<\/strong><\/strong><\/p>\n\n\n\n<p style=\"padding-top:0;padding-right:0;padding-bottom:0;padding-left:0\">La acupuntura es una de las t\u00e9cnicas menos agresivas y m\u00e1s eficaces y preventivas que se practican.<\/p>\n\n\n\n<p style=\"padding-top:0;padding-right:0;padding-bottom:0;padding-left:0\">Menos es m\u00e1s, es clave para entender que se necesitan muy pocas agujas para que el cuerpo sepa d\u00f3nde enfocarse para recuperar el equilibrio.<\/p>\n\n\n\n<p style=\"padding-top:0;padding-right:0;padding-bottom:0;padding-left:0\"><strong><strong><strong>Ir al origen del problema<\/strong><\/strong><\/strong><\/p>\n\n\n\n<p style=\"padding-top:0;padding-right:0;padding-bottom:0;padding-left:0\">El pilar fundamental de la Acupuntura es la valoraci\u00f3n a trav\u00e9s del pulso, la respiraci\u00f3n, la palpaci\u00f3n y la escucha, donde observamos el subconsciente que forman nuestros \u00f3rganos internos. Se\u00f1alan la causa ra\u00edz del desequilibrio o la enfermedad y nos gu\u00edan en el enfoque y la selecci\u00f3n de puntos para elegir. Con esta t\u00e9cnica corregimos el origen emocional del problema y no s\u00f3lo el s\u00edntoma.<\/p>\n\n\n\n<p style=\"padding-top:0;padding-right:0;padding-bottom:0;padding-left:0\"><strong><strong>Con todas las garant\u00edas de salud y seguridad<\/strong><\/strong><\/p>\n\n\n\n<p style=\"padding-top:0;padding-right:0;padding-bottom:0;padding-left:0\">Todos los materiales son hipoalerg\u00e9nicos y se desechan despu\u00e9s de cada sesi\u00f3n.<\/p>\n<\/div>\n\n\n\n<div class=\"wp-block-group alignwide has-custom-negro-color has-text-color has-link-color wp-elements-dfb816c530be53896aa1753eb9227013 has-global-padding is-layout-constrained wp-container-core-group-is-layout-0757f401 wp-block-group-is-layout-constrained\" style=\"padding-top:var(--wp--preset--spacing--50);padding-right:0;padding-bottom:var(--wp--preset--spacing--50);padding-left:0\">\n<h2 class=\"wp-block-heading alignwide has-text-align-center has-xx-large-font-size\">Clientes felices<\/h2>\n\n\n\n<figure class=\"wp-block-pullquote alignwide has-large-font-size\" style=\"margin-right:0;margin-left:0;padding-right:var(--wp--preset--spacing--60);padding-left:var(--wp--preset--spacing--60)\"><blockquote><p>\"Ya hace unos a\u00f1os que me trato con Patricia. Llegu\u00e9 a ella hecho un cromo por una bacteria en el est\u00f3mago y en un momento de alt\u00edsima intensidad en el trabajo con sus respectivos cuadros de estr\u00e9s. Esas agujas que tantas veces me han sanado, las sesiones de Kinesiolog\u00eda que han acertado con intolerancias alimentarias que me fueron fatales o cuando me presiona el bot\u00f3n de apagado con sus sesiones de Kobido han hecho que esos dolores pasen a la historia. Haber encontrado a Patricia es sin duda haber encontrado un \u00e1ngel en la Tierra. Recomendable 100%!\"<\/p><cite>Paco Colomb\u00e1s<\/cite><\/blockquote><\/figure>\n<\/div>","protected":false},"excerpt":{"rendered":"<p>1.Acupuncture Every day, acupuncture is gaining wider acceptance amongst people in Western countries, who have found in it different ways of approaching health with effective and rapid results. Endorsed and recognised by the World Health Organisation, it involves inserting fine needles into specific points on the body to restore balance, whether by tonifying, sedating\u2026 A [&hellip;]<\/p>","protected":false},"author":1,"featured_media":7327,"parent":0,"menu_order":0,"comment_status":"closed","ping_status":"closed","template":"","meta":{"footnotes":""},"class_list":["post-7312","page","type-page","status-publish","has-post-thumbnail","hentry"],"_links":{"self":[{"href":"https:\/\/www.patriciayang.com\/es\/wp-json\/wp\/v2\/pages\/7312","targetHints":{"allow":["GET"]}}],"collection":[{"href":"https:\/\/www.patriciayang.com\/es\/wp-json\/wp\/v2\/pages"}],"about":[{"href":"https:\/\/www.patriciayang.com\/es\/wp-json\/wp\/v2\/types\/page"}],"author":[{"embeddable":true,"href":"https:\/\/www.patriciayang.com\/es\/wp-json\/wp\/v2\/users\/1"}],"replies":[{"embeddable":true,"href":"https:\/\/www.patriciayang.com\/es\/wp-json\/wp\/v2\/comments?post=7312"}],"version-history":[{"count":54,"href":"https:\/\/www.patriciayang.com\/es\/wp-json\/wp\/v2\/pages\/7312\/revisions"}],"predecessor-version":[{"id":7430,"href":"https:\/\/www.patriciayang.com\/es\/wp-json\/wp\/v2\/pages\/7312\/revisions\/7430"}],"wp:featuredmedia":[{"embeddable":true,"href":"https:\/\/www.patriciayang.com\/es\/wp-json\/wp\/v2\/media\/7327"}],"wp:attachment":[{"href":"https:\/\/www.patriciayang.com\/es\/wp-json\/wp\/v2\/media?parent=7312"}],"curies":[{"name":"wp","href":"https:\/\/api.w.org\/{rel}","templated":true}]}}