{"id":7322,"date":"2026-03-12T20:29:14","date_gmt":"2026-03-12T19:29:14","guid":{"rendered":"https:\/\/www.patriciayang.com\/?page_id=7322"},"modified":"2026-03-18T04:23:25","modified_gmt":"2026-03-18T03:23:25","slug":"kinesiology","status":"publish","type":"page","link":"https:\/\/www.patriciayang.com\/es\/kinesiology\/","title":{"rendered":"Kinesiolog\u00eda"},"content":{"rendered":"<figure style=\"height:40vh; margin-bottom:-20px;\" class=\"alignfull wp-block-post-featured-image\"><img loading=\"lazy\" decoding=\"async\" width=\"1706\" height=\"2560\" src=\"https:\/\/www.patriciayang.com\/wp-content\/uploads\/2026\/03\/Mallorca-Kinesiology-kinesiologia-scaled.jpg\" class=\"attachment-post-thumbnail size-post-thumbnail wp-post-image\" alt=\"\" style=\"height:40vh;object-fit:cover;\" srcset=\"https:\/\/www.patriciayang.com\/wp-content\/uploads\/2026\/03\/Mallorca-Kinesiology-kinesiologia-scaled.jpg 1706w, https:\/\/www.patriciayang.com\/wp-content\/uploads\/2026\/03\/Mallorca-Kinesiology-kinesiologia-200x300.jpg 200w, https:\/\/www.patriciayang.com\/wp-content\/uploads\/2026\/03\/Mallorca-Kinesiology-kinesiologia-683x1024.jpg 683w, https:\/\/www.patriciayang.com\/wp-content\/uploads\/2026\/03\/Mallorca-Kinesiology-kinesiologia-768x1152.jpg 768w, https:\/\/www.patriciayang.com\/wp-content\/uploads\/2026\/03\/Mallorca-Kinesiology-kinesiologia-1024x1536.jpg 1024w, https:\/\/www.patriciayang.com\/wp-content\/uploads\/2026\/03\/Mallorca-Kinesiology-kinesiologia-1365x2048.jpg 1365w, https:\/\/www.patriciayang.com\/wp-content\/uploads\/2026\/03\/Mallorca-Kinesiology-kinesiologia-8x12.jpg 8w\" sizes=\"auto, (max-width: 1706px) 100vw, 1706px\" \/><\/figure>\n\n\n<div class=\"wp-block-group alignfull has-custom-blanco-color has-custom-morado-1-background-color has-text-color has-background has-link-color wp-elements-c1ac466753c1ad1b181e47f77043674b has-global-padding is-layout-constrained wp-container-core-group-is-layout-39412042 wp-block-group-is-layout-constrained\" style=\"padding-top:var(--wp--preset--spacing--40);padding-right:var(--wp--preset--spacing--50);padding-bottom:var(--wp--preset--spacing--40);padding-left:var(--wp--preset--spacing--50)\">\n<h2 class=\"wp-block-heading has-text-align-center is-style-text-display has-custom-oro-color has-text-color has-link-color wp-elements-c70213f59516f91ab4465fe9c8e2f020 is-style-text-display--1\" style=\"padding-top:var(--wp--preset--spacing--40);padding-bottom:var(--wp--preset--spacing--40)\">2.<br>Kinesiolog\u00eda<\/h2>\n\n\n\n<p style=\"padding-top:0;padding-right:0;padding-bottom:0;padding-left:0\">La Kinesiolog\u00eda (RK) es una disciplina que nos permite evaluar los desequilibrios en una persona, a trav\u00e9s del tono muscular y la funcionalidad. Cada \u00f3rgano est\u00e1 asociado con un meridiano de acupuntura y varios m\u00fasculos. Mediante el test muscular identificaremos la naturaleza de los bloqueos, (estr\u00e9s, dolor, falta de nutrientes, toxicidad, trastornos emocionales, trastornos mentales, problemas de aprendizaje, etc...) y aplicaremos la armonizaci\u00f3n adecuada al nivel m\u00e1s adecuado: Estructural, nivel nutricional, emocional o electromagn\u00e9tico<\/p>\n\n\n\n<ul class=\"wp-block-list\">\n<li>Atrapamiento de nervios<\/li>\n\n\n\n<li>Disfunci\u00f3n en segmentos espinales<\/li>\n\n\n\n<li>El manejo del dolor<\/li>\n\n\n\n<li>Desorganizaci\u00f3n neurol\u00f3gica<\/li>\n\n\n\n<li>Reflejos viscerosom\u00e1ticos<\/li>\n\n\n\n<li>Desnutrici\u00f3n<\/li>\n\n\n\n<li>Toxicidad qu\u00edmica, metales pesados.<\/li>\n\n\n\n<li>Desequilibrio de flora intestinal y v\u00e1lvula iliocecal<\/li>\n\n\n\n<li>Afecciones Estructurales: Dolor de espalda o cualquier otra zona, desequilibrio en la pelvis...<\/li>\n\n\n\n<li>Disfunci\u00f3n en la producci\u00f3n y circulaci\u00f3n del l\u00edquido cefalorraqu\u00eddeo (LCR)<\/li>\n\n\n\n<li>Tensiones en las membranas men\u00edngeas<\/li>\n\n\n\n<li>Sistema de meridianos desequilibrados<\/li>\n\n\n\n<li>Efecto sobre el sistema vascular y linf\u00e1tico<\/li>\n\n\n\n<li>Dificultad con el estr\u00e9s f\u00edsico, mental y emocional.<\/li>\n\n\n\n<li>Desequilibrio en los hemisferios cerebrales- Problemas de aprendizaje<\/li>\n\n\n\n<li>Hiperactividad - Trastorno por D\u00e9ficit de Atenci\u00f3n<\/li>\n<\/ul>\n<\/div>\n\n\n\n<div class=\"wp-block-group alignwide has-custom-negro-color has-text-color has-link-color wp-elements-d8e68c9375ac9f4091b4858311ff3ecb has-global-padding is-layout-constrained wp-container-core-group-is-layout-0757f401 wp-block-group-is-layout-constrained\" style=\"padding-top:var(--wp--preset--spacing--50);padding-right:0;padding-bottom:var(--wp--preset--spacing--50);padding-left:0\">\n<h2 class=\"wp-block-heading alignwide has-text-align-center has-xx-large-font-size\">Clientes felices<\/h2>\n\n\n\n<figure class=\"wp-block-pullquote alignwide has-large-font-size\" style=\"margin-right:0;margin-left:0;padding-right:var(--wp--preset--spacing--60);padding-left:var(--wp--preset--spacing--60)\"><blockquote><p>\"Patricia es una maestra en lo que hace. Comprensi\u00f3n excepcional de la interconexi\u00f3n entre la mente, el cuerpo, el sistema nervioso y c\u00f3mo el trauma, el estilo de vida, el estr\u00e9s y la dieta no solo tienen un impacto en nuestra salud, sino que tambi\u00e9n tiene una caja de herramientas incre\u00edble para ir a la ra\u00edz de un problema y apoyar la curaci\u00f3n de su cuerpo y proceso de forma natural.<br><br>A trav\u00e9s de la terapia de polaridad, la acupuntura, la dieta\/suplementaci\u00f3n y la kinesiolog\u00eda, seg\u00fan mi experiencia, ella lo pondr\u00e1 de nuevo en marcha. He tenido ciertos s\u00edntomas de salud inexplicables para la mayor\u00eda de los expertos en salud, pero semanas despu\u00e9s de su proceso, me siento seguro de que estamos abordando todo lo que me molestaba. \u00a1Haga lo que haga, funciona!\"<br><\/p><cite>Joren de Bruin<\/cite><\/blockquote><\/figure>\n<\/div>","protected":false},"excerpt":{"rendered":"<p>2.Kinesiology Kinesiology (RK) is a discipline that allows us to evaluate imbalances in a person, through muscle tone and functionality. Each organ is associated with an acupuncture meridian and several muscles. Through the muscle test we will identify the nature of the blockages (stress, pain, lack of nutrients, toxicity, emotional disorders, mental disorders, learning problems, [&hellip;]<\/p>","protected":false},"author":1,"featured_media":7416,"parent":0,"menu_order":0,"comment_status":"closed","ping_status":"closed","template":"","meta":{"footnotes":""},"class_list":["post-7322","page","type-page","status-publish","has-post-thumbnail","hentry"],"_links":{"self":[{"href":"https:\/\/www.patriciayang.com\/es\/wp-json\/wp\/v2\/pages\/7322","targetHints":{"allow":["GET"]}}],"collection":[{"href":"https:\/\/www.patriciayang.com\/es\/wp-json\/wp\/v2\/pages"}],"about":[{"href":"https:\/\/www.patriciayang.com\/es\/wp-json\/wp\/v2\/types\/page"}],"author":[{"embeddable":true,"href":"https:\/\/www.patriciayang.com\/es\/wp-json\/wp\/v2\/users\/1"}],"replies":[{"embeddable":true,"href":"https:\/\/www.patriciayang.com\/es\/wp-json\/wp\/v2\/comments?post=7322"}],"version-history":[{"count":11,"href":"https:\/\/www.patriciayang.com\/es\/wp-json\/wp\/v2\/pages\/7322\/revisions"}],"predecessor-version":[{"id":7415,"href":"https:\/\/www.patriciayang.com\/es\/wp-json\/wp\/v2\/pages\/7322\/revisions\/7415"}],"wp:featuredmedia":[{"embeddable":true,"href":"https:\/\/www.patriciayang.com\/es\/wp-json\/wp\/v2\/media\/7416"}],"wp:attachment":[{"href":"https:\/\/www.patriciayang.com\/es\/wp-json\/wp\/v2\/media?parent=7322"}],"curies":[{"name":"wp","href":"https:\/\/api.w.org\/{rel}","templated":true}]}}