{"id":7374,"date":"2026-03-12T20:29:50","date_gmt":"2026-03-12T19:29:50","guid":{"rendered":"https:\/\/www.patriciayang.com\/?page_id=7374"},"modified":"2026-03-18T02:51:31","modified_gmt":"2026-03-18T01:51:31","slug":"kobido-japanese-facial-lifting","status":"publish","type":"page","link":"https:\/\/www.patriciayang.com\/es\/kobido-japanese-facial-lifting\/","title":{"rendered":"Kobido"},"content":{"rendered":"<figure style=\"height:40vh; margin-bottom:-20px;\" class=\"alignfull wp-block-post-featured-image\"><img loading=\"lazy\" decoding=\"async\" width=\"1000\" height=\"1500\" src=\"https:\/\/www.patriciayang.com\/wp-content\/uploads\/2026\/03\/kobido.jpg\" class=\"attachment-full size-full wp-post-image\" alt=\"\" style=\"height:40vh;object-fit:cover;\" srcset=\"https:\/\/www.patriciayang.com\/wp-content\/uploads\/2026\/03\/kobido.jpg 1000w, https:\/\/www.patriciayang.com\/wp-content\/uploads\/2026\/03\/kobido-200x300.jpg 200w, https:\/\/www.patriciayang.com\/wp-content\/uploads\/2026\/03\/kobido-683x1024.jpg 683w, https:\/\/www.patriciayang.com\/wp-content\/uploads\/2026\/03\/kobido-768x1152.jpg 768w, https:\/\/www.patriciayang.com\/wp-content\/uploads\/2026\/03\/kobido-8x12.jpg 8w\" sizes=\"auto, (max-width: 1000px) 100vw, 1000px\" \/><\/figure>\n\n\n<div class=\"wp-block-group alignfull has-custom-blanco-color has-custom-negro-background-color has-text-color has-background has-link-color wp-elements-8ff6df3defe978bd375b97c9fce048fc has-global-padding is-layout-constrained wp-container-core-group-is-layout-39412042 wp-block-group-is-layout-constrained\" style=\"padding-top:var(--wp--preset--spacing--40);padding-right:var(--wp--preset--spacing--50);padding-bottom:var(--wp--preset--spacing--40);padding-left:var(--wp--preset--spacing--50)\">\n<h2 class=\"wp-block-heading has-text-align-center is-style-text-display has-custom-oro-color has-text-color has-link-color wp-elements-d34bd98458d40208dfe2d7b86dc9a0f1 is-style-text-display--1\" style=\"padding-top:var(--wp--preset--spacing--40);padding-bottom:var(--wp--preset--spacing--40)\">4.<br>Kobido<\/h2>\n\n\n\n<p style=\"padding-top:0;padding-right:0;padding-bottom:0;padding-left:0\">Mejora e hidrata el aspecto de la piel, libera tensiones musculares y combate el estr\u00e9s y la ansiedad. Desde sus or\u00edgenes, esta milenaria t\u00e9cnica de belleza ha sido una de las m\u00e1s preciadas en la b\u00fasqueda del bienestar.<\/p>\n\n\n\n<p style=\"padding-top:0;padding-right:0;padding-bottom:0;padding-left:0\">Una buena piel es sin\u00f3nimo de hidrataci\u00f3n, cuidado, gen\u00e9tica y, sobre todo, salud. Mantener una mente sana es directamente proporcional a mantener una apariencia f\u00edsica saludable. Y en circunstancias en las que el estr\u00e9s y la ansiedad van en aumento, es fundamental buscar terapias y alternativas que equilibren cuerpo, mente y esp\u00edritu para conseguir, a partes iguales y con plena estabilidad, el bienestar f\u00edsico y ps\u00edquico.<\/p>\n\n\n\n<p style=\"padding-top:0;padding-right:0;padding-bottom:0;padding-left:0\">Ya en el siglo XIV, los samur\u00e1is que regresaban de la batalla se ayudaban con estas pr\u00e1cticas para relajar la mente, aumentar su fuerza y calmar su esp\u00edritu. Una de las t\u00e9cnicas favoritas de estos guerreros fue tambi\u00e9n el tratamiento m\u00e1s antiguo de Jap\u00f3n, Kobido. Este masaje facial, que data de 1472, se convirti\u00f3 a\u00f1os despu\u00e9s en la terapia favorita de las emperatrices japonesas, primero como forma terap\u00e9utica de aliviar el dolor y, m\u00e1s tarde, tambi\u00e9n como t\u00e9cnica predilecta para lucir un rostro bello, libre de imperfecciones y m\u00e1s rejuvenecido.<\/p>\n\n\n\n<p style=\"padding-top:0;padding-right:0;padding-bottom:0;padding-left:0\">Kobido, conocido como el lifting facial japon\u00e9s sin cirug\u00eda, tanto por sus beneficios est\u00e9ticos, como tonificar, iluminar, oxigenar y renovar las c\u00e9lulas de la piel, como terap\u00e9uticos, entre ellos, alivia el estr\u00e9s, insomnio, migra\u00f1as y bruxismo, ha traspasado las fronteras orientales.<\/p>\n<\/div>\n\n\n\n<div class=\"wp-block-group alignwide has-custom-negro-color has-text-color has-link-color wp-elements-28c311c3a9c64ce9e012748bfdbc3f05 has-global-padding is-layout-constrained wp-container-core-group-is-layout-0757f401 wp-block-group-is-layout-constrained\" style=\"padding-top:var(--wp--preset--spacing--50);padding-right:0;padding-bottom:var(--wp--preset--spacing--50);padding-left:0\">\n<h2 class=\"wp-block-heading alignwide has-text-align-center has-xx-large-font-size\">Clientes felices<\/h2>\n\n\n\n<figure class=\"wp-block-pullquote alignwide has-large-font-size\" style=\"margin-right:0;margin-left:0;padding-right:var(--wp--preset--spacing--60);padding-left:var(--wp--preset--spacing--60)\"><blockquote><p>\"Estar en las manos de Patricia es como magia, me ha ayudado mucho a resolver algunos problemas de salud que los m\u00e9dicos convencionales no pudieron.<br>Estoy s\u00faper agradecida. Tiene muy buenas manos.\"<br><\/p><cite>Philippa Huges<\/cite><\/blockquote><\/figure>\n\n\n\n<figure class=\"wp-block-pullquote alignwide has-large-font-size\" style=\"margin-right:0;margin-left:0;padding-right:var(--wp--preset--spacing--60);padding-left:var(--wp--preset--spacing--60)\"><blockquote><p>\"Patricia es realmente una experta en su campo. Me he sentido muy regenerado despu\u00e9s de empezar con la acupuntura y la terapia de polaridad. Muy recomendable.\"<br><\/p><cite>Christian Ahler<\/cite><\/blockquote><\/figure>\n\n\n\n<figure class=\"wp-block-pullquote alignwide has-large-font-size\" style=\"margin-right:0;margin-left:0;padding-right:var(--wp--preset--spacing--60);padding-left:var(--wp--preset--spacing--60)\"><blockquote><p>\"Iba directa al quir\u00f3fano para que me operaran de una hernia discal. En poco tiempo con Patricia se me fue el dolor.\"<br><\/p><cite>Mar\u00eda Jos\u00e9 Rubio<\/cite><\/blockquote><\/figure>\n<\/div>","protected":false},"excerpt":{"rendered":"<p>4.Kobido It improves and hydrates skin appearance, releases muscle tensions and fights stress and anxiety. Since its origins, this millennial beauty technique has been one of the most precious in the search for well-being. For Dr. R. Stone, health was not only a matter of good physical condition, but: &#8220;The result of the soul finding [&hellip;]<\/p>","protected":false},"author":1,"featured_media":7375,"parent":0,"menu_order":0,"comment_status":"closed","ping_status":"closed","template":"","meta":{"footnotes":""},"class_list":["post-7374","page","type-page","status-publish","has-post-thumbnail","hentry"],"_links":{"self":[{"href":"https:\/\/www.patriciayang.com\/es\/wp-json\/wp\/v2\/pages\/7374","targetHints":{"allow":["GET"]}}],"collection":[{"href":"https:\/\/www.patriciayang.com\/es\/wp-json\/wp\/v2\/pages"}],"about":[{"href":"https:\/\/www.patriciayang.com\/es\/wp-json\/wp\/v2\/types\/page"}],"author":[{"embeddable":true,"href":"https:\/\/www.patriciayang.com\/es\/wp-json\/wp\/v2\/users\/1"}],"replies":[{"embeddable":true,"href":"https:\/\/www.patriciayang.com\/es\/wp-json\/wp\/v2\/comments?post=7374"}],"version-history":[{"count":5,"href":"https:\/\/www.patriciayang.com\/es\/wp-json\/wp\/v2\/pages\/7374\/revisions"}],"predecessor-version":[{"id":7414,"href":"https:\/\/www.patriciayang.com\/es\/wp-json\/wp\/v2\/pages\/7374\/revisions\/7414"}],"wp:featuredmedia":[{"embeddable":true,"href":"https:\/\/www.patriciayang.com\/es\/wp-json\/wp\/v2\/media\/7375"}],"wp:attachment":[{"href":"https:\/\/www.patriciayang.com\/es\/wp-json\/wp\/v2\/media?parent=7374"}],"curies":[{"name":"wp","href":"https:\/\/api.w.org\/{rel}","templated":true}]}}